{"id":229,"date":"2025-10-15T10:00:23","date_gmt":"2025-10-15T10:00:23","guid":{"rendered":"https:\/\/fileservice-portal.com\/?page_id=229"},"modified":"2026-02-21T12:26:32","modified_gmt":"2026-02-21T12:26:32","slug":"pricing-overview","status":"publish","type":"page","link":"https:\/\/fileservice-portal.com\/de\/pricing-overview\/","title":{"rendered":"Preise"},"content":{"rendered":"\n<div class=\"wp-block-group alignfull has-palette-color-5-background-color has-background is-layout-constrained wp-container-core-group-is-layout-c5c4ec03 wp-block-group-is-layout-constrained\" style=\"margin-top:0;margin-bottom:0;padding-top:min(6rem,8vw);padding-right:var(--wp--preset--spacing--60);padding-bottom:min(6rem,8vw);padding-left:var(--wp--preset--spacing--60)\">\n<div class=\"wp-block-group alignwide is-content-justification-center is-layout-constrained wp-block-group-is-layout-constrained\">\n<h2 class=\"wp-block-heading has-text-align-center has-large-font-size\">Preise Tuning File Portal<\/h2>\n\n\n\n<p class=\"has-text-align-center\" style=\"margin-top:16px\">Bei Alpha LLC bieten wir transparente und flexible Preise, die auf Ihren Arbeitsablauf zugeschnitten sind \u2013 unabh\u00e4ngig davon, ob Sie unser automatisiertes Tuning-Portal nutzen oder die manuelle Dateiverarbeitung bevorzugen.<\/p>\n<\/div>\n\n\n\n<div class=\"wp-block-columns alignwide is-layout-flex wp-container-core-columns-is-layout-28f84493 wp-block-columns-is-layout-flex\">\n<div class=\"wp-block-column is-vertically-aligned-stretch is-layout-flow wp-block-column-is-layout-flow\">\n<div class=\"wp-block-group has-palette-color-7-background-color has-background is-layout-constrained wp-container-core-group-is-layout-ae744a23 wp-block-group-is-layout-constrained\" style=\"border-radius:4px;min-height:100%;padding-top:var(--wp--preset--spacing--70);padding-right:var(--wp--preset--spacing--70);padding-bottom:var(--wp--preset--spacing--70);padding-left:var(--wp--preset--spacing--70)\">\n<div class=\"wp-block-group is-layout-constrained wp-container-core-group-is-layout-4b2ef9fa wp-block-group-is-layout-constrained\">\n<figure class=\"wp-block-image size-large is-style-default extendify-image-import wp-duotone-varpresetduotoneprimary-and-secondary-1\"><img decoding=\"async\" src=\"data:image\/svg+xml;base64,PHN2ZyB4bWxucz0iaHR0cDovL3d3dy53My5vcmcvMjAwMC9zdmciIGhlaWdodD0iNDhweCIgdmlld0JveD0iMCAtOTYwIDk2MCA5NjAiIHdpZHRoPSI0OHB4IiBmaWxsPSIjMWUxZTFlIj48cGF0aCBkPSJNMjMwLTE2MHEtNDUgMC03Ny41LTMyLjVUMTIwLTI3MHEwLTQ1IDMyLjUtNzcuNVQyMzAtMzgwcTQ1IDAgNzcuNSAzMi41VDM0MC0yNzBxMCA0NS0zMi41IDc3LjVUMjMwLTE2MFptNTAwIDBxLTQ1IDAtNzcuNS0zMi41VDYyMC0yNzBxMC00NSAzMi41LTc3LjVUNzMwLTM4MHE0NiAwIDc4IDMyLjV0MzIgNzcuNXEwIDQ1LTMyIDc3LjVUNzMwLTE2MFpNNDgwLTU4MHEtNDUgMC03Ny41LTMyLjVUMzcwLTY5MHEwLTQ1IDMyLjUtNzcuNVQ0ODAtODAwcTQ1IDAgNzcuNSAzMi41VDU5MC02OTBxMCA0NS0zMi41IDc3LjVUNDgwLTU4MFoiLz48L3N2Zz4=\" alt=\"\" style=\"aspect-ratio:1;object-fit:cover\"\/><\/figure>\n<\/div>\n\n\n\n<h3 class=\"wp-block-heading has-text-align-center\" style=\"margin-top:24px;font-size:clamp(0.984rem, 0.984rem + ((1vw - 0.2rem) * 0.645), 1.5rem);line-height:1.5\">Dateien die Sie selbst bearbeiten<\/h3>\n\n\n\n<p class=\"has-text-align-center has-normal-font-size\" style=\"margin-top:8px\">Wir verlangen keine fixe Geb\u00fchr pro Monat. Sie bezahlen pro File welches Ihre Kunden hochladen. <\/p>\n\n\n\n<hr class=\"wp-block-separator has-text-color has-palette-color-3-color has-alpha-channel-opacity has-palette-color-3-background-color has-background is-style-wide\" style=\"margin-top:var(--wp--preset--spacing--70);margin-bottom:var(--wp--preset--spacing--70)\"\/>\n\n\n\n<div class=\"wp-block-group is-nowrap is-layout-flex wp-container-core-group-is-layout-ec24e71f wp-block-group-is-layout-flex\" style=\"margin-top:var(--wp--preset--spacing--20);margin-bottom:var(--wp--preset--spacing--20)\">\n<figure class=\"wp-block-image size-large extendify-image-import wp-container-content-c42f3963 wp-duotone-varpresetduotoneprimary-foreground-2\"><img decoding=\"async\" src=\"data:image\/svg+xml;base64,PHN2ZyB4bWxucz0iaHR0cDovL3d3dy53My5vcmcvMjAwMC9zdmciIGhlaWdodD0iMjRweCIgdmlld0JveD0iMCAtOTYwIDk2MCA5NjAiIHdpZHRoPSIyNHB4IiBmaWxsPSIjMWUxZTFlIj48cGF0aCBkPSJNMzgyLTI0MCAxNTQtNDY4bDU3LTU3IDE3MSAxNzEgMzY3LTM2NyA1NyA1Ny00MjQgNDI0WiIvPjwvc3ZnPg==\" alt=\"\"\/><\/figure>\n\n\n\n<p>3.5 &#8211; 5\u20ac pro Datei, \u00e4hnlich wie bei EVC Reseller<\/p>\n<\/div>\n\n\n\n<div class=\"wp-block-group is-nowrap is-layout-flex wp-container-core-group-is-layout-ec24e71f wp-block-group-is-layout-flex\" style=\"margin-top:var(--wp--preset--spacing--20);margin-bottom:var(--wp--preset--spacing--20)\">\n<figure class=\"wp-block-image size-large extendify-image-import wp-container-content-c42f3963 wp-duotone-varpresetduotoneprimary-foreground-3\"><img decoding=\"async\" src=\"data:image\/svg+xml;base64,PHN2ZyB4bWxucz0iaHR0cDovL3d3dy53My5vcmcvMjAwMC9zdmciIGhlaWdodD0iMjRweCIgdmlld0JveD0iMCAtOTYwIDk2MCA5NjAiIHdpZHRoPSIyNHB4IiBmaWxsPSIjMWUxZTFlIj48cGF0aCBkPSJNMzgyLTI0MCAxNTQtNDY4bDU3LTU3IDE3MSAxNzEgMzY3LTM2NyA1NyA1Ny00MjQgNDI0WiIvPjwvc3ZnPg==\" alt=\"\"\/><\/figure>\n\n\n\n<p>Wenn Sie ein gr\u00f6\u00dferes Paket kaufen, dann bezahlen Sie nur 3.5\u20ac pro Datei<\/p>\n<\/div>\n\n\n\n<div class=\"wp-block-group is-nowrap is-layout-flex wp-container-core-group-is-layout-ec24e71f wp-block-group-is-layout-flex\" style=\"margin-top:var(--wp--preset--spacing--20);margin-bottom:var(--wp--preset--spacing--20)\">\n<figure class=\"wp-block-image size-large extendify-image-import wp-container-content-c42f3963 wp-duotone-varpresetduotoneprimary-foreground-4\"><img decoding=\"async\" src=\"data:image\/svg+xml;base64,PHN2ZyB4bWxucz0iaHR0cDovL3d3dy53My5vcmcvMjAwMC9zdmciIGhlaWdodD0iMjRweCIgdmlld0JveD0iMCAtOTYwIDk2MCA5NjAiIHdpZHRoPSIyNHB4IiBmaWxsPSIjMWUxZTFlIj48cGF0aCBkPSJtMjU2LTIwMC01Ni01NiAyMjQtMjI0LTIyNC0yMjQgNTYtNTYgMjI0IDIyNCAyMjQtMjI0IDU2IDU2LTIyNCAyMjQgMjI0IDIyNC01NiA1Ni0yMjQtMjI0LTIyNCAyMjRaIi8+PC9zdmc+\" alt=\"\"\/><\/figure>\n\n\n\n<p>AI Automatik L\u00f6sungen werden Ihren Kunden nicht gezeigt.<\/p>\n<\/div>\n<\/div>\n<\/div>\n\n\n\n<div class=\"wp-block-column is-vertically-aligned-stretch is-layout-flow wp-block-column-is-layout-flow\">\n<div class=\"wp-block-group has-palette-color-7-background-color has-background is-layout-constrained wp-container-core-group-is-layout-ae744a23 wp-block-group-is-layout-constrained\" style=\"border-radius:4px;min-height:100%;padding-top:var(--wp--preset--spacing--70);padding-right:var(--wp--preset--spacing--70);padding-bottom:var(--wp--preset--spacing--70);padding-left:var(--wp--preset--spacing--70)\">\n<div class=\"wp-block-group is-layout-constrained wp-container-core-group-is-layout-4b2ef9fa wp-block-group-is-layout-constrained\">\n<figure class=\"wp-block-image size-large is-style-default extendify-image-import wp-duotone-varpresetduotoneprimary-and-secondary-5\"><img decoding=\"async\" src=\"data:image\/svg+xml;base64,PHN2ZyB4bWxucz0iaHR0cDovL3d3dy53My5vcmcvMjAwMC9zdmciIGhlaWdodD0iNDhweCIgdmlld0JveD0iMCAtOTYwIDk2MCA5NjAiIHdpZHRoPSI0OHB4IiBmaWxsPSIjMWUxZTFlIj48cGF0aCBkPSJNMjI5LjkxLTE2MHEtMjguOTEgMC00OS40MS0yMC41OS0yMC41LTIwLjU5LTIwLjUtNDkuNXQyMC41OS00OS40MXEyMC41OS0yMC41IDQ5LjUtMjAuNXQ0OS40MSAyMC41OXEyMC41IDIwLjU5IDIwLjUgNDkuNXQtMjAuNTkgNDkuNDFxLTIwLjU5IDIwLjUtNDkuNSAyMC41Wm0zMzUgMHEtMjguOTEgMC00OS40MS0yMC41OS0yMC41LTIwLjU5LTIwLjUtNDkuNXQyMC41OS00OS40MXEyMC41OS0yMC41IDQ5LjUtMjAuNXQ0OS40MSAyMC41OXEyMC41IDIwLjU5IDIwLjUgNDkuNXQtMjAuNTkgNDkuNDFxLTIwLjU5IDIwLjUtNDkuNSAyMC41Wm0tMTcwLTE2NXEtMjguOTEgMC00OS40MS0yMC41OS0yMC41LTIwLjU5LTIwLjUtNDkuNXQyMC41OS00OS40MXEyMC41OS0yMC41IDQ5LjUtMjAuNXQ0OS40MSAyMC41OXEyMC41IDIwLjU5IDIwLjUgNDkuNXQtMjAuNTkgNDkuNDFxLTIwLjU5IDIwLjUtNDkuNSAyMC41Wm0zMzUgMHEtMjguOTEgMC00OS40MS0yMC41OS0yMC41LTIwLjU5LTIwLjUtNDkuNXQyMC41OS00OS40MXEyMC41OS0yMC41IDQ5LjUtMjAuNXQ0OS40MSAyMC41OXEyMC41IDIwLjU5IDIwLjUgNDkuNXQtMjAuNTkgNDkuNDFxLTIwLjU5IDIwLjUtNDkuNSAyMC41Wm0tNTAwLTE3MHEtMjguOTEgMC00OS40MS0yMC41OS0yMC41LTIwLjU5LTIwLjUtNDkuNXQyMC41OS00OS40MXEyMC41OS0yMC41IDQ5LjUtMjAuNXQ0OS40MSAyMC41OXEyMC41IDIwLjU5IDIwLjUgNDkuNXQtMjAuNTkgNDkuNDFxLTIwLjU5IDIwLjUtNDkuNSAyMC41Wm0zMzUgMHEtMjguOTEgMC00OS40MS0yMC41OS0yMC41LTIwLjU5LTIwLjUtNDkuNXQyMC41OS00OS40MXEyMC41OS0yMC41IDQ5LjUtMjAuNXQ0OS40MSAyMC41OXEyMC41IDIwLjU5IDIwLjUgNDkuNXQtMjAuNTkgNDkuNDFxLTIwLjU5IDIwLjUtNDkuNSAyMC41Wm0tMTcwLTE2NXEtMjguOTEgMC00OS40MS0yMC41OS0yMC41LTIwLjU5LTIwLjUtNDkuNXQyMC41OS00OS40MXEyMC41OS0yMC41IDQ5LjUtMjAuNXQ0OS40MSAyMC41OXEyMC41IDIwLjU5IDIwLjUgNDkuNXQtMjAuNTkgNDkuNDFxLTIwLjU5IDIwLjUtNDkuNSAyMC41Wm0zMzUgMHEtMjguOTEgMC00OS40MS0yMC41OS0yMC41LTIwLjU5LTIwLjUtNDkuNXQyMC41OS00OS40MXEyMC41OS0yMC41IDQ5LjUtMjAuNXQ0OS40MSAyMC41OXEyMC41IDIwLjU5IDIwLjUgNDkuNXQtMjAuNTkgNDkuNDFxLTIwLjU5IDIwLjUtNDkuNSAyMC41WiIvPjwvc3ZnPg==\" alt=\"\" style=\"aspect-ratio:1;object-fit:cover\"\/><\/figure>\n<\/div>\n\n\n\n<h3 class=\"wp-block-heading has-text-align-center\" style=\"margin-top:24px;font-size:clamp(0.984rem, 0.984rem + ((1vw - 0.2rem) * 0.645), 1.5rem);line-height:1.5\">Manuelle Dateiverarbeitung durch unsere Ingenieure<\/h3>\n\n\n\n<p class=\"has-text-align-center has-normal-font-size\" style=\"margin-top:8px\">M\u00f6chten Sie die Abstimmung lieber unserem erfahrenen Team \u00fcberlassen? Wir k\u00fcmmern uns darum. Der Vorgang ist vollst\u00e4ndig automatisiert, sodass Ihr Kunde nichts davon mitbekommt.<\/p>\n\n\n\n<hr class=\"wp-block-separator has-text-color has-palette-color-3-color has-alpha-channel-opacity has-palette-color-3-background-color has-background is-style-wide\" style=\"margin-top:var(--wp--preset--spacing--70);margin-bottom:var(--wp--preset--spacing--70)\"\/>\n\n\n\n<div class=\"wp-block-group is-nowrap is-layout-flex wp-container-core-group-is-layout-ec24e71f wp-block-group-is-layout-flex\" style=\"margin-top:var(--wp--preset--spacing--20);margin-bottom:var(--wp--preset--spacing--20)\">\n<figure class=\"wp-block-image size-large extendify-image-import wp-container-content-c42f3963 wp-duotone-varpresetduotoneprimary-foreground-6\"><img decoding=\"async\" src=\"data:image\/svg+xml;base64,PHN2ZyB4bWxucz0iaHR0cDovL3d3dy53My5vcmcvMjAwMC9zdmciIGhlaWdodD0iMjRweCIgdmlld0JveD0iMCAtOTYwIDk2MCA5NjAiIHdpZHRoPSIyNHB4IiBmaWxsPSIjMWUxZTFlIj48cGF0aCBkPSJNMzgyLTI0MCAxNTQtNDY4bDU3LTU3IDE3MSAxNzEgMzY3LTM2NyA1NyA1Ny00MjQgNDI0WiIvPjwvc3ZnPg==\" alt=\"\"\/><\/figure>\n\n\n\n<p>Unsere automatisierten L\u00f6sungen wenn Sie manuell suchen danach: 20-30\u20ac egal wie viele gew\u00e4hlt werden.<\/p>\n<\/div>\n\n\n\n<div class=\"wp-block-group is-nowrap is-layout-flex wp-container-core-group-is-layout-ec24e71f wp-block-group-is-layout-flex\" style=\"margin-top:var(--wp--preset--spacing--20);margin-bottom:var(--wp--preset--spacing--20)\">\n<figure class=\"wp-block-image size-large extendify-image-import wp-container-content-c42f3963 wp-duotone-varpresetduotoneprimary-foreground-7\"><img decoding=\"async\" src=\"data:image\/svg+xml;base64,PHN2ZyB4bWxucz0iaHR0cDovL3d3dy53My5vcmcvMjAwMC9zdmciIGhlaWdodD0iMjRweCIgdmlld0JveD0iMCAtOTYwIDk2MCA5NjAiIHdpZHRoPSIyNHB4IiBmaWxsPSIjMWUxZTFlIj48cGF0aCBkPSJNMzgyLTI0MCAxNTQtNDY4bDU3LTU3IDE3MSAxNzEgMzY3LTM2NyA1NyA1Ny00MjQgNDI0WiIvPjwvc3ZnPg==\" alt=\"\"\/><\/figure>\n\n\n\n<p>Voll automatisiert im Hintergrund: Stages: 40 \u20ac pro Datei (Optionen sind um 10\u20ac extra dabei, egal wie viele) \u2013 in diesem Fall fallen keine zus\u00e4tzlichen Geb\u00fchren pro Datei an.<\/p>\n<\/div>\n\n\n\n<div class=\"wp-block-group is-nowrap is-layout-flex wp-container-core-group-is-layout-ec24e71f wp-block-group-is-layout-flex\" style=\"margin-top:var(--wp--preset--spacing--20);margin-bottom:var(--wp--preset--spacing--20)\">\n<figure class=\"wp-block-image size-large extendify-image-import wp-container-content-c42f3963 wp-duotone-varpresetduotoneprimary-foreground-8\"><img decoding=\"async\" src=\"data:image\/svg+xml;base64,PHN2ZyB4bWxucz0iaHR0cDovL3d3dy53My5vcmcvMjAwMC9zdmciIGhlaWdodD0iMjRweCIgdmlld0JveD0iMCAtOTYwIDk2MCA5NjAiIHdpZHRoPSIyNHB4IiBmaWxsPSIjMWUxZTFlIj48cGF0aCBkPSJNMzgyLTI0MCAxNTQtNDY4bDU3LTU3IDE3MSAxNzEgMzY3LTM2NyA1NyA1Ny00MjQgNDI0WiIvPjwvc3ZnPg==\" alt=\"\"\/><\/figure>\n\n\n\n<p>Nur Deaktivierungsoptionen (keine Leistungsoptimierung): 30 \u20ac pro Datei (mehrere zu einem Preis)<\/p>\n<\/div>\n\n\n\n<div class=\"wp-block-group is-nowrap is-layout-flex wp-container-core-group-is-layout-ec24e71f wp-block-group-is-layout-flex\" style=\"margin-top:var(--wp--preset--spacing--20);margin-bottom:var(--wp--preset--spacing--20)\">\n<figure class=\"wp-block-image size-large extendify-image-import wp-container-content-c42f3963 wp-duotone-varpresetduotoneprimary-foreground-9\"><img decoding=\"async\" src=\"data:image\/svg+xml;base64,PHN2ZyB4bWxucz0iaHR0cDovL3d3dy53My5vcmcvMjAwMC9zdmciIGhlaWdodD0iMjRweCIgdmlld0JveD0iMCAtOTYwIDk2MCA5NjAiIHdpZHRoPSIyNHB4IiBmaWxsPSIjMWUxZTFlIj48cGF0aCBkPSJNMzgyLTI0MCAxNTQtNDY4bDU3LTU3IDE3MSAxNzEgMzY3LTM2NyA1NyA1Ny00MjQgNDI0WiIvPjwvc3ZnPg==\" alt=\"\"\/><\/figure>\n\n\n\n<p>Wir \u00fcbernehmen nat\u00fcrlich den vollst\u00e4ndigen Support f\u00fcr unsere Dateien.<\/p>\n<\/div>\n\n\n\n<div class=\"wp-block-group is-nowrap is-layout-flex wp-container-core-group-is-layout-ec24e71f wp-block-group-is-layout-flex\" style=\"margin-top:var(--wp--preset--spacing--20);margin-bottom:var(--wp--preset--spacing--20)\">\n<figure class=\"wp-block-image size-large extendify-image-import wp-container-content-c42f3963 wp-duotone-varpresetduotoneprimary-foreground-10\"><img decoding=\"async\" src=\"data:image\/svg+xml;base64,PHN2ZyB4bWxucz0iaHR0cDovL3d3dy53My5vcmcvMjAwMC9zdmciIGhlaWdodD0iMjRweCIgdmlld0JveD0iMCAtOTYwIDk2MCA5NjAiIHdpZHRoPSIyNHB4IiBmaWxsPSIjMWUxZTFlIj48cGF0aCBkPSJNMzgyLTI0MCAxNTQtNDY4bDU3LTU3IDE3MSAxNzEgMzY3LTM2NyA1NyA1Ny00MjQgNDI0WiIvPjwvc3ZnPg==\" alt=\"\"\/><\/figure>\n\n\n\n<p>1.000.000 automatische L\u00f6sungen, die Ihre Kunden in 2 Sekunden herunterladen k\u00f6nnen<\/p>\n<\/div>\n<\/div>\n<\/div>\n\n\n\n<div class=\"wp-block-column is-vertically-aligned-stretch is-layout-flow wp-block-column-is-layout-flow\">\n<div class=\"wp-block-group has-palette-color-7-background-color has-background is-layout-constrained wp-container-core-group-is-layout-ae744a23 wp-block-group-is-layout-constrained\" style=\"border-radius:4px;min-height:100%;padding-top:var(--wp--preset--spacing--70);padding-right:var(--wp--preset--spacing--70);padding-bottom:var(--wp--preset--spacing--70);padding-left:var(--wp--preset--spacing--70)\">\n<div class=\"wp-block-group is-layout-constrained wp-container-core-group-is-layout-4b2ef9fa wp-block-group-is-layout-constrained\">\n<figure class=\"wp-block-image size-large is-style-default extendify-image-import wp-duotone-varpresetduotoneprimary-and-secondary-11\"><img decoding=\"async\" src=\"data:image\/svg+xml;base64,PHN2ZyB4bWxucz0iaHR0cDovL3d3dy53My5vcmcvMjAwMC9zdmciIGhlaWdodD0iNDhweCIgdmlld0JveD0iMCAtOTYwIDk2MCA5NjAiIHdpZHRoPSI0OHB4IiBmaWxsPSIjMWUxZTFlIj48cGF0aCBkPSJNMTIxLTM4MXEtOSAwLTE1LTZ0LTYtMTVxMC05IDYtMTV0MTUtNnE5IDAgMTUgNnQ2IDE1cTAgOS02IDE1dC0xNSA2Wm0wLTE1NnEtOSAwLTE1LTZ0LTYtMTVxMC05IDYtMTV0MTUtNnE5IDAgMTUgNnQ2IDE1cTAgOS02IDE1dC0xNSA2Wm0xMTkuMTEgMzM1UTIyNC0yMDIgMjEzLTIxMi44OXEtMTEtMTAuOS0xMS0yN1EyMDItMjU2IDIxMi44OS0yNjdxMTAuOS0xMSAyNy0xMVEyNTYtMjc4IDI2Ny0yNjcuMTFxMTEgMTAuOSAxMSAyN1EyNzgtMjI0IDI2Ny4xMS0yMTNxLTEwLjkgMTEtMjcgMTFabTAtMTYyUTIyNC0zNjQgMjEzLTM3NC44OXEtMTEtMTAuOS0xMS0yN1EyMDItNDE4IDIxMi44OS00MjlxMTAuOS0xMSAyNy0xMVEyNTYtNDQwIDI2Ny00MjkuMTFxMTEgMTAuOSAxMSAyN1EyNzgtMzg2IDI2Ny4xMS0zNzVxLTEwLjkgMTEtMjcgMTFabTAtMTU2UTIyNC01MjAgMjEzLTUzMC44OXEtMTEtMTAuOS0xMS0yN1EyMDItNTc0IDIxMi44OS01ODVxMTAuOS0xMSAyNy0xMVEyNTYtNTk2IDI2Ny01ODUuMTFxMTEgMTAuOSAxMSAyN1EyNzgtNTQyIDI2Ny4xMS01MzFxLTEwLjkgMTEtMjcgMTFabTAtMTYyUTIyNC02ODIgMjEzLTY5Mi44OXEtMTEtMTAuOS0xMS0yN1EyMDItNzM2IDIxMi44OS03NDdxMTAuOS0xMSAyNy0xMVEyNTYtNzU4IDI2Ny03NDcuMTFxMTEgMTAuOSAxMSAyN1EyNzgtNzA0IDI2Ny4xMS02OTNxLTEwLjkgMTEtMjcgMTFaTTQwMi0zNDhxLTIyLjUgMC0zOC4yNS0xNS43NVQzNDgtNDAycTAtMjIuNSAxNS43NS0zOC4yNVQ0MDItNDU2cTIyLjUgMCAzOC4yNSAxNS43NVQ0NTYtNDAycTAgMjIuNS0xNS43NSAzOC4yNVQ0MDItMzQ4Wm0wLTE1NnEtMjIuNSAwLTM4LjI1LTE1Ljc1VDM0OC01NThxMC0yMi41IDE1Ljc1LTM4LjI1VDQwMi02MTJxMjIuNSAwIDM4LjI1IDE1Ljc1VDQ1Ni01NThxMCAyMi41LTE1Ljc1IDM4LjI1VDQwMi01MDRabS4xMSAzMDJRMzg2LTIwMiAzNzUtMjEyLjg5cS0xMS0xMC45LTExLTI3UTM2NC0yNTYgMzc0Ljg5LTI2N3ExMC45LTExIDI3LTExUTQxOC0yNzggNDI5LTI2Ny4xMXExMSAxMC45IDExIDI3UTQ0MC0yMjQgNDI5LjExLTIxM3EtMTAuOSAxMS0yNyAxMVptMC00ODBRMzg2LTY4MiAzNzUtNjkyLjg5cS0xMS0xMC45LTExLTI3UTM2NC03MzYgMzc0Ljg5LTc0N3ExMC45LTExIDI3LTExUTQxOC03NTggNDI5LTc0Ny4xMXExMSAxMC45IDExIDI3UTQ0MC03MDQgNDI5LjExLTY5M3EtMTAuOSAxMS0yNyAxMVpNNDAyLTEwMHEtOSAwLTE1LTZ0LTYtMTVxMC05IDYtMTV0MTUtNnE5IDAgMTUgNnQ2IDE1cTAgOS02IDE1dC0xNSA2Wm0wLTcxOHEtOSAwLTE1LTZ0LTYtMTVxMC05IDYtMTV0MTUtNnE5IDAgMTUgNnQ2IDE1cTAgOS02IDE1dC0xNSA2Wm0xNTYgNDcwcS0yMi41IDAtMzguMjUtMTUuNzVUNTA0LTQwMnEwLTIyLjUgMTUuNzUtMzguMjVUNTU4LTQ1NnEyMi41IDAgMzguMjUgMTUuNzVUNjEyLTQwMnEwIDIyLjUtMTUuNzUgMzguMjVUNTU4LTM0OFptMC0xNTZxLTIyLjUgMC0zOC4yNS0xNS43NVQ1MDQtNTU4cTAtMjIuNSAxNS43NS0zOC4yNVQ1NTgtNjEycTIyLjUgMCAzOC4yNSAxNS43NVQ2MTItNTU4cTAgMjIuNS0xNS43NSAzOC4yNVQ1NTgtNTA0Wm0uMTEgMzAyUTU0Mi0yMDIgNTMxLTIxMi44OXEtMTEtMTAuOS0xMS0yN1E1MjAtMjU2IDUzMC44OS0yNjdxMTAuOS0xMSAyNy0xMVE1NzQtMjc4IDU4NS0yNjcuMTFxMTEgMTAuOSAxMSAyN1E1OTYtMjI0IDU4NS4xMS0yMTNxLTEwLjkgMTEtMjcgMTFabTAtNDgwUTU0Mi02ODIgNTMxLTY5Mi44OXEtMTEtMTAuOS0xMS0yN1E1MjAtNzM2IDUzMC44OS03NDdxMTAuOS0xMSAyNy0xMVE1NzQtNzU4IDU4NS03NDcuMTFxMTEgMTAuOSAxMSAyN1E1OTYtNzA0IDU4NS4xMS02OTNxLTEwLjkgMTEtMjcgMTFaTTU2NC0xMDBxLTkgMC0xNS02dC02LTE1cTAtOSA2LTE1dDE1LTZxOSAwIDE1IDZ0NiAxNXEwIDktNiAxNXQtMTUgNlptLTYtNzE4cS05IDAtMTUtNnQtNi0xNXEwLTkgNi0xNXQxNS02cTkgMCAxNSA2dDYgMTVxMCA5LTYgMTV0LTE1IDZabTE2Mi4xMSA2MTZRNzA0LTIwMiA2OTMtMjEyLjg5cS0xMS0xMC45LTExLTI3UTY4Mi0yNTYgNjkyLjg5LTI2N3ExMC45LTExIDI3LTExUTczNi0yNzggNzQ3LTI2Ny4xMXExMSAxMC45IDExIDI3UTc1OC0yMjQgNzQ3LjExLTIxM3EtMTAuOSAxMS0yNyAxMVptMC0xNjJRNzA0LTM2NCA2OTMtMzc0Ljg5cS0xMS0xMC45LTExLTI3UTY4Mi00MTggNjkyLjg5LTQyOXExMC45LTExIDI3LTExUTczNi00NDAgNzQ3LTQyOS4xMXExMSAxMC45IDExIDI3UTc1OC0zODYgNzQ3LjExLTM3NXEtMTAuOSAxMS0yNyAxMVptMC0xNTZRNzA0LTUyMCA2OTMtNTMwLjg5cS0xMS0xMC45LTExLTI3UTY4Mi01NzQgNjkyLjg5LTU4NXExMC45LTExIDI3LTExUTczNi01OTYgNzQ3LTU4NS4xMXExMSAxMC45IDExIDI3UTc1OC01NDIgNzQ3LjExLTUzMXEtMTAuOSAxMS0yNyAxMVptMC0xNjJRNzA0LTY4MiA2OTMtNjkyLjg5cS0xMS0xMC45LTExLTI3UTY4Mi03MzYgNjkyLjg5LTc0N3ExMC45LTExIDI3LTExUTczNi03NTggNzQ3LTc0Ny4xMXExMSAxMC45IDExIDI3UTc1OC03MDQgNzQ3LjExLTY5M3EtMTAuOSAxMS0yNyAxMVpNODM5LTM4MXEtOSAwLTE1LTZ0LTYtMTVxMC05IDYtMTV0MTUtNnE5IDAgMTUgNnQ2IDE1cTAgOS02IDE1dC0xNSA2Wm0wLTE1NnEtOSAwLTE1LTZ0LTYtMTVxMC05IDYtMTV0MTUtNnE5IDAgMTUgNnQ2IDE1cTAgOS02IDE1dC0xNSA2WiIvPjwvc3ZnPg==\" alt=\"\" style=\"aspect-ratio:1;object-fit:cover\"\/><\/figure>\n<\/div>\n\n\n\n<h3 class=\"wp-block-heading has-text-align-center\" style=\"margin-top:24px;font-size:clamp(0.984rem, 0.984rem + ((1vw - 0.2rem) * 0.645), 1.5rem);line-height:1.5\">Einrichtungsgeb\u00fchr<\/h3>\n\n\n\n<p class=\"has-text-align-center has-normal-font-size\" style=\"margin-top:8px\">F\u00fcr die Installation des Portals auf Ihrer Domain berechnen wir eine einmalige Geb\u00fchr. Sie ben\u00f6tigen lediglich eine Domain, die \u00fcber einen DNS-Eintrag auf unseren Server verweisen muss.<\/p>\n\n\n\n<hr class=\"wp-block-separator has-text-color has-palette-color-3-color has-alpha-channel-opacity has-palette-color-3-background-color has-background is-style-wide\" style=\"margin-top:var(--wp--preset--spacing--70);margin-bottom:var(--wp--preset--spacing--70)\"\/>\n\n\n\n<div class=\"wp-block-group is-nowrap is-layout-flex wp-container-core-group-is-layout-ec24e71f wp-block-group-is-layout-flex\" style=\"margin-top:var(--wp--preset--spacing--20);margin-bottom:var(--wp--preset--spacing--20)\">\n<figure class=\"wp-block-image size-large extendify-image-import wp-container-content-c42f3963 wp-duotone-varpresetduotoneprimary-foreground-12\"><img decoding=\"async\" src=\"data:image\/svg+xml;base64,PHN2ZyB4bWxucz0iaHR0cDovL3d3dy53My5vcmcvMjAwMC9zdmciIGhlaWdodD0iMjRweCIgdmlld0JveD0iMCAtOTYwIDk2MCA5NjAiIHdpZHRoPSIyNHB4IiBmaWxsPSIjMWUxZTFlIj48cGF0aCBkPSJNMzgyLTI0MCAxNTQtNDY4bDU3LTU3IDE3MSAxNzEgMzY3LTM2NyA1NyA1Ny00MjQgNDI0WiIvPjwvc3ZnPg==\" alt=\"\"\/><\/figure>\n\n\n\n<p>500\u20ac<\/p>\n<\/div>\n\n\n\n<div class=\"wp-block-group is-nowrap is-layout-flex wp-container-core-group-is-layout-ec24e71f wp-block-group-is-layout-flex\" style=\"margin-top:var(--wp--preset--spacing--20);margin-bottom:var(--wp--preset--spacing--20)\">\n<figure class=\"wp-block-image size-large extendify-image-import wp-container-content-c42f3963 wp-duotone-varpresetduotoneprimary-foreground-13\"><img decoding=\"async\" src=\"data:image\/svg+xml;base64,PHN2ZyB4bWxucz0iaHR0cDovL3d3dy53My5vcmcvMjAwMC9zdmciIGhlaWdodD0iMjRweCIgdmlld0JveD0iMCAtOTYwIDk2MCA5NjAiIHdpZHRoPSIyNHB4IiBmaWxsPSIjMWUxZTFlIj48cGF0aCBkPSJtMjU2LTIwMC01Ni01NiAyMjQtMjI0LTIyNC0yMjQgNTYtNTYgMjI0IDIyNCAyMjQtMjI0IDU2IDU2LTIyNCAyMjQgMjI0IDIyNC01NiA1Ni0yMjQtMjI0LTIyNCAyMjRaIi8+PC9zdmc+\" alt=\"\"\/><\/figure>\n\n\n\n<p>Keine monatlichen Kosten<\/p>\n<\/div>\n\n\n\n<div class=\"wp-block-group is-nowrap is-layout-flex wp-container-core-group-is-layout-ec24e71f wp-block-group-is-layout-flex\" style=\"margin-top:var(--wp--preset--spacing--20);margin-bottom:var(--wp--preset--spacing--20)\">\n<figure class=\"wp-block-image size-large extendify-image-import wp-container-content-c42f3963 wp-duotone-varpresetduotoneprimary-foreground-14\"><img decoding=\"async\" src=\"data:image\/svg+xml;base64,PHN2ZyB4bWxucz0iaHR0cDovL3d3dy53My5vcmcvMjAwMC9zdmciIGhlaWdodD0iMjRweCIgdmlld0JveD0iMCAtOTYwIDk2MCA5NjAiIHdpZHRoPSIyNHB4IiBmaWxsPSIjMWUxZTFlIj48cGF0aCBkPSJtMjU2LTIwMC01Ni01NiAyMjQtMjI0LTIyNC0yMjQgNTYtNTYgMjI0IDIyNCAyMjQtMjI0IDU2IDU2LTIyNCAyMjQgMjI0IDIyNC01NiA1Ni0yMjQtMjI0LTIyNCAyMjRaIi8+PC9zdmc+\" alt=\"\"\/><\/figure>\n\n\n\n<p>Keine Updategeb\u00fchren<\/p>\n<\/div>\n\n\n\n<div class=\"wp-block-group is-nowrap is-layout-flex wp-container-core-group-is-layout-ec24e71f wp-block-group-is-layout-flex\" style=\"margin-top:var(--wp--preset--spacing--20);margin-bottom:var(--wp--preset--spacing--20)\">\n<figure class=\"wp-block-image size-large extendify-image-import wp-container-content-c42f3963 wp-duotone-varpresetduotoneprimary-foreground-15\"><img decoding=\"async\" src=\"data:image\/svg+xml;base64,PHN2ZyB4bWxucz0iaHR0cDovL3d3dy53My5vcmcvMjAwMC9zdmciIGhlaWdodD0iMjRweCIgdmlld0JveD0iMCAtOTYwIDk2MCA5NjAiIHdpZHRoPSIyNHB4IiBmaWxsPSIjMWUxZTFlIj48cGF0aCBkPSJNMzgyLTI0MCAxNTQtNDY4bDU3LTU3IDE3MSAxNzEgMzY3LTM2NyA1NyA1Ny00MjQgNDI0WiIvPjwvc3ZnPg==\" alt=\"\"\/><\/figure>\n\n\n\n<p>Sie entscheiden wie viele Dateien Sie an uns weiterleiten m\u00f6chten.<\/p>\n<\/div>\n<\/div>\n<\/div>\n<\/div>\n<\/div>\n","protected":false},"excerpt":{"rendered":"<p>Preise Tuning File Portal Bei Alpha LLC bieten wir transparente und flexible Preise, die auf Ihren Arbeitsablauf zugeschnitten sind \u2013 unabh\u00e4ngig davon, ob Sie unser automatisiertes Tuning-Portal nutzen oder die manuelle Dateiverarbeitung bevorzugen. Dateien die Sie selbst bearbeiten Wir verlangen keine fixe Geb\u00fchr pro Monat. Sie bezahlen pro File welches Ihre Kunden hochladen. 3.5 &#8211; [&hellip;]<\/p>\n","protected":false},"author":1,"featured_media":0,"parent":0,"menu_order":0,"comment_status":"closed","ping_status":"closed","template":"","meta":{"om_disable_all_campaigns":false,"_monsterinsights_skip_tracking":false,"_monsterinsights_sitenote_active":false,"_monsterinsights_sitenote_note":"","_monsterinsights_sitenote_category":0,"footnotes":""},"class_list":["post-229","page","type-page","status-publish","hentry"],"blocksy_meta":[],"aioseo_notices":[],"_links":{"self":[{"href":"https:\/\/fileservice-portal.com\/de\/wp-json\/wp\/v2\/pages\/229","targetHints":{"allow":["GET"]}}],"collection":[{"href":"https:\/\/fileservice-portal.com\/de\/wp-json\/wp\/v2\/pages"}],"about":[{"href":"https:\/\/fileservice-portal.com\/de\/wp-json\/wp\/v2\/types\/page"}],"author":[{"embeddable":true,"href":"https:\/\/fileservice-portal.com\/de\/wp-json\/wp\/v2\/users\/1"}],"replies":[{"embeddable":true,"href":"https:\/\/fileservice-portal.com\/de\/wp-json\/wp\/v2\/comments?post=229"}],"version-history":[{"count":22,"href":"https:\/\/fileservice-portal.com\/de\/wp-json\/wp\/v2\/pages\/229\/revisions"}],"predecessor-version":[{"id":384,"href":"https:\/\/fileservice-portal.com\/de\/wp-json\/wp\/v2\/pages\/229\/revisions\/384"}],"wp:attachment":[{"href":"https:\/\/fileservice-portal.com\/de\/wp-json\/wp\/v2\/media?parent=229"}],"curies":[{"name":"wp","href":"https:\/\/api.w.org\/{rel}","templated":true}]}}