{"id":217,"date":"2025-10-14T16:43:00","date_gmt":"2025-10-14T16:43:00","guid":{"rendered":"https:\/\/fileservice-portal.com\/?page_id=217"},"modified":"2026-02-26T13:41:40","modified_gmt":"2026-02-26T13:41:40","slug":"subdealer","status":"publish","type":"page","link":"https:\/\/fileservice-portal.com\/de\/subdealer\/","title":{"rendered":"Subh\u00e4ndler"},"content":{"rendered":"\n<div class=\"wp-block-group alignfull has-palette-color-7-background-color has-background is-layout-constrained wp-container-core-group-is-layout-eb8e114d wp-block-group-is-layout-constrained\" style=\"margin-top:0;margin-bottom:0;padding-top:min(6rem,8vw);padding-right:var(--wp--preset--spacing--60);padding-bottom:min(6rem,8vw);padding-left:var(--wp--preset--spacing--60)\">\n<div class=\"wp-block-columns alignwide is-layout-flex wp-container-core-columns-is-layout-159c21bd wp-block-columns-is-layout-flex\">\n<div class=\"wp-block-column is-layout-flow wp-block-column-is-layout-flow\">\n<div class=\"wp-block-group alignwide is-content-justification-left is-layout-constrained wp-container-core-group-is-layout-57ea7b9a wp-block-group-is-layout-constrained\" style=\"margin-bottom:min(4rem,7vw)\">\n<h2 class=\"wp-block-heading has-large-font-size\">Starten Sie Ihr eigenes Tuning-Datei-Gesch\u00e4ft als verifizierter AI-Subh\u00e4ndler<\/h2>\n\n\n\n<p style=\"margin-top:16px\">Wir richten Ihr <strong>Tuning-Portal<\/strong> inkl. Ihrem Branding auf Ihrer Domain ein. (Sie ben\u00f6tigen lediglich eine Domain, die auf unseren Server verweist, das ist alles). Beginnen Sie jetzt, mit Ihrem eigenen <strong>File-Service-Portal<\/strong> Geld zu verdienen. Wir erledigen die komplette Arbeit im Hintergrund f\u00fcr Sie! Also wir machen Files und Tickets und Sie brauchen nur neue Kunden bringen.<\/p>\n<\/div>\n\n\n\n<div class=\"wp-block-group is-nowrap is-layout-flex wp-container-core-group-is-layout-501511a6 wp-block-group-is-layout-flex\">\n<figure class=\"wp-block-image size-large ext-aspect-landscape extendify-image-import wp-duotone-varpresetduotoneprimary-foreground-1\"><img decoding=\"async\" src=\"data:image\/svg+xml;base64,PHN2ZyB4bWxucz0iaHR0cDovL3d3dy53My5vcmcvMjAwMC9zdmciIHdpZHRoPSI0OCIgaGVpZ2h0PSI0OCIgZmlsbD0ibm9uZSIgdmlld0JveD0iMCAwIDQ4IDQ4Ij48bWFzayBpZD0iYSIgd2lkdGg9IjQ4IiBoZWlnaHQ9IjQ4IiB4PSIwIiB5PSIwIiBtYXNrVW5pdHM9InVzZXJTcGFjZU9uVXNlIiBzdHlsZT0ibWFzay10eXBlOmFscGhhIj48cGF0aCBmaWxsPSIjRDlEOUQ5IiBkPSJNMCAwaDQ4djQ4SDB6Ii8+PC9tYXNrPjxnIG1hc2s9InVybCgjYSkiPjxwYXRoIGZpbGw9IiMxQzFCMUYiIGQ9Ik0yNCA0NGMtMi44MzMgMC01LjQ2Ny0uNTA4LTcuOS0xLjUyNS0yLjQzMy0xLjAxNy00LjU1LTIuNDI1LTYuMzUtNC4yMjUtMS44LTEuOC0zLjIwOC0zLjkxNy00LjIyNS02LjM1QzQuNTA4IDI5LjQ2NyA0IDI2LjgzMyA0IDI0YzAtMi44LjUwOC01LjQxNyAxLjUyNS03Ljg1UzcuOTUgMTEuNiA5Ljc1IDkuOGMxLjgtMS44IDMuOTE3LTMuMjE3IDYuMzUtNC4yNVMyMS4xNjcgNCAyNCA0YzIuNSAwIDQuODMzLjQgNyAxLjIgMi4xNjcuOCA0LjExNyAxLjkgNS44NSAzLjNsLTIuMTUgMi4xNWExNi43MzIgMTYuNzMyIDAgMCAwLTQuOS0yLjdDMjggNy4zMTcgMjYuMDY3IDcgMjQgN2MtNC44MzMgMC04Ljg3NSAxLjYyNS0xMi4xMjUgNC44NzVTNyAxOS4xNjcgNyAyNHMxLjYyNSA4Ljg3NSA0Ljg3NSAxMi4xMjVTMTkuMTY3IDQxIDI0IDQxczguODc1LTEuNjI1IDEyLjEyNS00Ljg3NVM0MSAyOC44MzMgNDEgMjRjMC0xLS4wNzUtMS45NzUtLjIyNS0yLjkyNS0uMTUtLjk1LS4zNzUtMS44NzUtLjY3NS0yLjc3NWwyLjMtMi4zYTE5LjEyMiAxOS4xMjIgMCAwIDEgMS4yIDMuODVjLjI2NyAxLjMzMy40IDIuNzE3LjQgNC4xNSAwIDIuODMzLS41MTcgNS40NjctMS41NSA3LjktMS4wMzMgMi40MzMtMi40NSA0LjU1LTQuMjUgNi4zNS0xLjggMS44LTMuOTE3IDMuMjA4LTYuMzUgNC4yMjVDMjkuNDE3IDQzLjQ5MiAyNi44IDQ0IDI0IDQ0Wm0tMi45NS0xMC45LTguMjUtOC4zIDIuMjUtMi4yNSA2IDYgMjAuNy0yMC43IDIuMyAyLjI1LTIzIDIzWiIvPjwvZz48L3N2Zz4=\" alt=\"\" style=\"object-fit:cover\"\/><\/figure>\n\n\n\n<div class=\"wp-block-group wp-container-content-958eb9dc is-layout-constrained wp-block-group-is-layout-constrained\">\n<h3 class=\"wp-block-heading\" style=\"font-size:clamp(14px, 0.875rem + ((1vw - 3.2px) * 0.469), 20px);line-height:1.5\">Verbinden Sie Ihre Zahlungen<\/h3>\n\n\n\n<p class=\"has-normal-font-size\" style=\"margin-top:4px\">Sie verbinden Ihre PayPal-, Mollie- oder Stripe-API-Schl\u00fcssel \u2013 alle Zahlungen gehen direkt an Sie.<\/p>\n<\/div>\n<\/div>\n\n\n\n<div class=\"wp-block-group is-nowrap is-layout-flex wp-container-core-group-is-layout-501511a6 wp-block-group-is-layout-flex\">\n<figure class=\"wp-block-image size-large ext-aspect-landscape extendify-image-import wp-duotone-varpresetduotoneprimary-foreground-2\"><img decoding=\"async\" src=\"data:image\/svg+xml;base64,PHN2ZyB4bWxucz0iaHR0cDovL3d3dy53My5vcmcvMjAwMC9zdmciIHdpZHRoPSI0OCIgaGVpZ2h0PSI0OCIgZmlsbD0ibm9uZSIgdmlld0JveD0iMCAwIDQ4IDQ4Ij48bWFzayBpZD0iYSIgd2lkdGg9IjQ4IiBoZWlnaHQ9IjQ4IiB4PSIwIiB5PSIwIiBtYXNrVW5pdHM9InVzZXJTcGFjZU9uVXNlIiBzdHlsZT0ibWFzay10eXBlOmFscGhhIj48cGF0aCBmaWxsPSIjRDlEOUQ5IiBkPSJNMCAwaDQ4djQ4SDB6Ii8+PC9tYXNrPjxnIG1hc2s9InVybCgjYSkiPjxwYXRoIGZpbGw9IiMxQzFCMUYiIGQ9Ik0yNCA0NGMtMi44MzMgMC01LjQ2Ny0uNTA4LTcuOS0xLjUyNS0yLjQzMy0xLjAxNy00LjU1LTIuNDI1LTYuMzUtNC4yMjUtMS44LTEuOC0zLjIwOC0zLjkxNy00LjIyNS02LjM1QzQuNTA4IDI5LjQ2NyA0IDI2LjgzMyA0IDI0YzAtMi44LjUwOC01LjQxNyAxLjUyNS03Ljg1UzcuOTUgMTEuNiA5Ljc1IDkuOGMxLjgtMS44IDMuOTE3LTMuMjE3IDYuMzUtNC4yNVMyMS4xNjcgNCAyNCA0YzIuNSAwIDQuODMzLjQgNyAxLjIgMi4xNjcuOCA0LjExNyAxLjkgNS44NSAzLjNsLTIuMTUgMi4xNWExNi43MzIgMTYuNzMyIDAgMCAwLTQuOS0yLjdDMjggNy4zMTcgMjYuMDY3IDcgMjQgN2MtNC44MzMgMC04Ljg3NSAxLjYyNS0xMi4xMjUgNC44NzVTNyAxOS4xNjcgNyAyNHMxLjYyNSA4Ljg3NSA0Ljg3NSAxMi4xMjVTMTkuMTY3IDQxIDI0IDQxczguODc1LTEuNjI1IDEyLjEyNS00Ljg3NVM0MSAyOC44MzMgNDEgMjRjMC0xLS4wNzUtMS45NzUtLjIyNS0yLjkyNS0uMTUtLjk1LS4zNzUtMS44NzUtLjY3NS0yLjc3NWwyLjMtMi4zYTE5LjEyMiAxOS4xMjIgMCAwIDEgMS4yIDMuODVjLjI2NyAxLjMzMy40IDIuNzE3LjQgNC4xNSAwIDIuODMzLS41MTcgNS40NjctMS41NSA3LjktMS4wMzMgMi40MzMtMi40NSA0LjU1LTQuMjUgNi4zNS0xLjggMS44LTMuOTE3IDMuMjA4LTYuMzUgNC4yMjVDMjkuNDE3IDQzLjQ5MiAyNi44IDQ0IDI0IDQ0Wm0tMi45NS0xMC45LTguMjUtOC4zIDIuMjUtMi4yNSA2IDYgMjAuNy0yMC43IDIuMyAyLjI1LTIzIDIzWiIvPjwvZz48L3N2Zz4=\" alt=\"\" style=\"object-fit:cover\"\/><\/figure>\n\n\n\n<div class=\"wp-block-group wp-container-content-958eb9dc is-layout-constrained wp-block-group-is-layout-constrained\">\n<h3 class=\"wp-block-heading\" style=\"font-size:clamp(14px, 0.875rem + ((1vw - 3.2px) * 0.469), 20px);line-height:1.5\">Ihre Kunden laden Dateien hoch<\/h3>\n\n\n\n<p class=\"has-normal-font-size\" style=\"margin-top:4px\">Wir k\u00fcmmern uns f\u00fcr Sie um die Feinabstimmung und den Support im Hintergrund. Sie m\u00fcssen nur Kunden bringen, wir erledigen den Rest.<\/p>\n<\/div>\n<\/div>\n\n\n\n<div class=\"wp-block-group is-nowrap is-layout-flex wp-container-core-group-is-layout-501511a6 wp-block-group-is-layout-flex\">\n<figure class=\"wp-block-image size-large ext-aspect-landscape extendify-image-import wp-duotone-varpresetduotoneprimary-foreground-3\"><img decoding=\"async\" src=\"data:image\/svg+xml;base64,PHN2ZyB4bWxucz0iaHR0cDovL3d3dy53My5vcmcvMjAwMC9zdmciIHdpZHRoPSI0OCIgaGVpZ2h0PSI0OCIgZmlsbD0ibm9uZSIgdmlld0JveD0iMCAwIDQ4IDQ4Ij48bWFzayBpZD0iYSIgd2lkdGg9IjQ4IiBoZWlnaHQ9IjQ4IiB4PSIwIiB5PSIwIiBtYXNrVW5pdHM9InVzZXJTcGFjZU9uVXNlIiBzdHlsZT0ibWFzay10eXBlOmFscGhhIj48cGF0aCBmaWxsPSIjRDlEOUQ5IiBkPSJNMCAwaDQ4djQ4SDB6Ii8+PC9tYXNrPjxnIG1hc2s9InVybCgjYSkiPjxwYXRoIGZpbGw9IiMxQzFCMUYiIGQ9Ik0yNCA0NGMtMi44MzMgMC01LjQ2Ny0uNTA4LTcuOS0xLjUyNS0yLjQzMy0xLjAxNy00LjU1LTIuNDI1LTYuMzUtNC4yMjUtMS44LTEuOC0zLjIwOC0zLjkxNy00LjIyNS02LjM1QzQuNTA4IDI5LjQ2NyA0IDI2LjgzMyA0IDI0YzAtMi44LjUwOC01LjQxNyAxLjUyNS03Ljg1UzcuOTUgMTEuNiA5Ljc1IDkuOGMxLjgtMS44IDMuOTE3LTMuMjE3IDYuMzUtNC4yNVMyMS4xNjcgNCAyNCA0YzIuNSAwIDQuODMzLjQgNyAxLjIgMi4xNjcuOCA0LjExNyAxLjkgNS44NSAzLjNsLTIuMTUgMi4xNWExNi43MzIgMTYuNzMyIDAgMCAwLTQuOS0yLjdDMjggNy4zMTcgMjYuMDY3IDcgMjQgN2MtNC44MzMgMC04Ljg3NSAxLjYyNS0xMi4xMjUgNC44NzVTNyAxOS4xNjcgNyAyNHMxLjYyNSA4Ljg3NSA0Ljg3NSAxMi4xMjVTMTkuMTY3IDQxIDI0IDQxczguODc1LTEuNjI1IDEyLjEyNS00Ljg3NVM0MSAyOC44MzMgNDEgMjRjMC0xLS4wNzUtMS45NzUtLjIyNS0yLjkyNS0uMTUtLjk1LS4zNzUtMS44NzUtLjY3NS0yLjc3NWwyLjMtMi4zYTE5LjEyMiAxOS4xMjIgMCAwIDEgMS4yIDMuODVjLjI2NyAxLjMzMy40IDIuNzE3LjQgNC4xNSAwIDIuODMzLS41MTcgNS40NjctMS41NSA3LjktMS4wMzMgMi40MzMtMi40NSA0LjU1LTQuMjUgNi4zNS0xLjggMS44LTMuOTE3IDMuMjA4LTYuMzUgNC4yMjVDMjkuNDE3IDQzLjQ5MiAyNi44IDQ0IDI0IDQ0Wm0tMi45NS0xMC45LTguMjUtOC4zIDIuMjUtMi4yNSA2IDYgMjAuNy0yMC43IDIuMyAyLjI1LTIzIDIzWiIvPjwvZz48L3N2Zz4=\" alt=\"\" style=\"object-fit:cover\"\/><\/figure>\n\n\n\n<div class=\"wp-block-group wp-container-content-958eb9dc is-layout-constrained wp-block-group-is-layout-constrained\">\n<h3 class=\"wp-block-heading\" style=\"font-size:clamp(14px, 0.875rem + ((1vw - 3.2px) * 0.469), 20px);line-height:1.5\">Preise<\/h3>\n\n\n\n<p class=\"has-normal-font-size\" style=\"margin-top:4px\">Sie legen Ihre Preise und Ihren Gewinn pro Datei fest. Es sind keine technischen Kenntnisse erforderlich \u2013 konzentrieren Sie sich einfach darauf, Kunden zu gewinnen!<\/p>\n<\/div>\n<\/div>\n\n\n\n<div class=\"wp-block-buttons is-content-justification-left is-layout-flex wp-container-core-buttons-is-layout-2f32f12c wp-block-buttons-is-layout-flex\" style=\"margin-top:min(4rem,7vw)\">\n<div class=\"wp-block-button\"><a class=\"wp-block-button__link wp-element-button\" href=\"https:\/\/fileservice-portal.com\/contact\/\">Kontakt<\/a><\/div>\n<\/div>\n<\/div>\n\n\n\n<div class=\"wp-block-column is-layout-flow wp-block-column-is-layout-flow\">\n<div class=\"wp-block-cover extendify-image-import\" style=\"min-height:100%;aspect-ratio:unset;\"><img loading=\"lazy\" decoding=\"async\" width=\"1458\" height=\"840\" class=\"wp-block-cover__image-background wp-image-245 size-full\" alt=\"\" src=\"https:\/\/fileservice-portal.com\/wp-content\/uploads\/2025\/10\/Screenshot-2025-10-15-184428.png\" data-object-fit=\"cover\" srcset=\"https:\/\/fileservice-portal.com\/wp-content\/uploads\/2025\/10\/Screenshot-2025-10-15-184428.png 1458w, https:\/\/fileservice-portal.com\/wp-content\/uploads\/2025\/10\/Screenshot-2025-10-15-184428-300x173.png 300w, https:\/\/fileservice-portal.com\/wp-content\/uploads\/2025\/10\/Screenshot-2025-10-15-184428-1024x590.png 1024w, https:\/\/fileservice-portal.com\/wp-content\/uploads\/2025\/10\/Screenshot-2025-10-15-184428-768x442.png 768w\" sizes=\"auto, (max-width: 1458px) 100vw, 1458px\" \/><span aria-hidden=\"true\" class=\"wp-block-cover__background has-background-dim-0 has-background-dim\" style=\"background-color:#244892\"><\/span><div class=\"wp-block-cover__inner-container is-layout-flow wp-block-cover-is-layout-flow\">\n<div style=\"height:380px\" aria-hidden=\"true\" class=\"wp-block-spacer\"><\/div>\n<\/div><\/div>\n<\/div>\n<\/div>\n<\/div>\n\n\n\n<div class=\"wp-block-group alignfull has-palette-color-7-background-color has-background is-layout-constrained wp-container-core-group-is-layout-28dc77a3 wp-block-group-is-layout-constrained\" style=\"margin-top:0;margin-bottom:0;padding-top:min(6rem,8vw);padding-right:var(--wp--preset--spacing--60);padding-bottom:min(6rem,8vw);padding-left:var(--wp--preset--spacing--60)\">\n<div class=\"wp-block-media-text alignwide has-media-on-the-right is-stacked-on-mobile is-vertically-aligned-center is-image-fill-element extendify-image-import\" style=\"padding-right:0;padding-left:0;grid-template-columns:auto 47%\"><div class=\"wp-block-media-text__content\">\n<div class=\"wp-block-group is-content-justification-left is-layout-constrained wp-container-core-group-is-layout-7928a856 wp-block-group-is-layout-constrained\" style=\"padding-top:var(--wp--preset--spacing--60);padding-right:0;padding-bottom:var(--wp--preset--spacing--60);padding-left:0\">\n<h2 class=\"wp-block-heading has-large-font-size\">Einrichtung &#038; Bedingungen<\/h2>\n\n\n\n<p style=\"margin-top:16px\">Einmalige Einrichtungsgeb\u00fchr: 500 \u20ac \u2013 keine zus\u00e4tzlichen monatlichen Kosten.<\/p>\n\n\n\n<h2 class=\"wp-block-heading\">Die besten Preise f\u00fcr Sie:<\/h2>\n\n\n\n<p><strong>Automatisiert im Hintergrund wenn wir alles \u00fcbernehmen inkl. Support: Tuning (Stages) = 4 Credits<\/strong> = 40 \u20ac &#8211; L\u00f6schungen wie DPF, EGR, AdBlue und mehr f\u00fcr 10\u20ac (egal wie viele) (Sie verkaufen zu Ihrem Preis).<\/p>\n\n\n\n<p><strong>Only Options ohne Tuning = 3 Credits<\/strong> = 30 \u20ac egal wie viele auf einmal (Sie verkaufen zu Ihrem Preis).<\/p>\n\n\n\n<p>Legen Sie Ihre Preise nach Belieben fest, wir erledigen die ganze Arbeit im Hintergrund, vollautomatisch. Ihre Kunden erhalten au\u00dferdem alle unsere automatischen L\u00f6sungen innerhalb von 2 Sekunden zum Herunterladen.<\/p>\n\n\n\n<p>Sichern Sie sich Ihr passives Einkommen \u2013 Sie bringen die Kunden, wir erledigen den Rest.<\/p>\n\n\n\n<ul class=\"wp-block-list\">\n<li>Legen Sie Ihre Preise ganz einfach fest.<\/li>\n\n\n\n<li>Verbinden Sie Ihre Zahlungsgateways (Paypal, Stripe und Mollie).<\/li>\n\n\n\n<li>Ihre Kunden profitieren ebenfalls von unseren 1.000.000 automatischen L\u00f6sungen.<\/li>\n\n\n\n<li>Ihre Kunden zahlen auf Ihr Konto.<\/li>\n\n\n\n<li>Das Portal stellt Ihnen alle Unterlagen f\u00fcr die Buchhaltung zur Verf\u00fcgung (Rechnungen und CSV-Liste).<\/li>\n\n\n\n<li>Wir bieten Ihnen auch Support f\u00fcr die Dateien, die wir f\u00fcr Sie erstellen.<\/li>\n<\/ul>\n\n\n\n<div class=\"wp-block-buttons is-layout-flex wp-container-core-buttons-is-layout-8abdde9b wp-block-buttons-is-layout-flex\" style=\"margin-top:var(--wp--preset--spacing--70)\">\n<div class=\"wp-block-button\"><a class=\"wp-block-button__link wp-element-button\" href=\"https:\/\/fileservice-portal.com\/contact\/\">Kontakt<\/a><\/div>\n<\/div>\n<\/div>\n<\/div><figure class=\"wp-block-media-text__media\"><img loading=\"lazy\" decoding=\"async\" width=\"1024\" height=\"683\" src=\"https:\/\/fileservice-portal.com\/wp-content\/uploads\/2025\/10\/Porsche-ChatGPT-Image-10.-Okt.-2025-08_53_08-1024x683.png\" alt=\"\" class=\"wp-image-197 size-full\" style=\"object-position:50% 50%\" srcset=\"https:\/\/fileservice-portal.com\/wp-content\/uploads\/2025\/10\/Porsche-ChatGPT-Image-10.-Okt.-2025-08_53_08-1024x683.png 1024w, https:\/\/fileservice-portal.com\/wp-content\/uploads\/2025\/10\/Porsche-ChatGPT-Image-10.-Okt.-2025-08_53_08-300x200.png 300w, https:\/\/fileservice-portal.com\/wp-content\/uploads\/2025\/10\/Porsche-ChatGPT-Image-10.-Okt.-2025-08_53_08-768x512.png 768w, https:\/\/fileservice-portal.com\/wp-content\/uploads\/2025\/10\/Porsche-ChatGPT-Image-10.-Okt.-2025-08_53_08.png 1536w\" sizes=\"auto, (max-width: 1024px) 100vw, 1024px\" \/><\/figure><\/div>\n<\/div>\n","protected":false},"excerpt":{"rendered":"<p>Starten Sie Ihr eigenes Tuning-Datei-Gesch\u00e4ft als verifizierter AI-Subh\u00e4ndler Wir richten Ihr Tuning-Portal inkl. Ihrem Branding auf Ihrer Domain ein. (Sie ben\u00f6tigen lediglich eine Domain, die auf unseren Server verweist, das ist alles). Beginnen Sie jetzt, mit Ihrem eigenen File-Service-Portal Geld zu verdienen. Wir erledigen die komplette Arbeit im Hintergrund f\u00fcr Sie! Also wir machen Files [&hellip;]<\/p>\n","protected":false},"author":1,"featured_media":0,"parent":0,"menu_order":0,"comment_status":"closed","ping_status":"closed","template":"","meta":{"om_disable_all_campaigns":false,"_monsterinsights_skip_tracking":false,"_monsterinsights_sitenote_active":false,"_monsterinsights_sitenote_note":"","_monsterinsights_sitenote_category":0,"footnotes":""},"class_list":["post-217","page","type-page","status-publish","hentry"],"blocksy_meta":[],"aioseo_notices":[],"_links":{"self":[{"href":"https:\/\/fileservice-portal.com\/de\/wp-json\/wp\/v2\/pages\/217","targetHints":{"allow":["GET"]}}],"collection":[{"href":"https:\/\/fileservice-portal.com\/de\/wp-json\/wp\/v2\/pages"}],"about":[{"href":"https:\/\/fileservice-portal.com\/de\/wp-json\/wp\/v2\/types\/page"}],"author":[{"embeddable":true,"href":"https:\/\/fileservice-portal.com\/de\/wp-json\/wp\/v2\/users\/1"}],"replies":[{"embeddable":true,"href":"https:\/\/fileservice-portal.com\/de\/wp-json\/wp\/v2\/comments?post=217"}],"version-history":[{"count":31,"href":"https:\/\/fileservice-portal.com\/de\/wp-json\/wp\/v2\/pages\/217\/revisions"}],"predecessor-version":[{"id":391,"href":"https:\/\/fileservice-portal.com\/de\/wp-json\/wp\/v2\/pages\/217\/revisions\/391"}],"wp:attachment":[{"href":"https:\/\/fileservice-portal.com\/de\/wp-json\/wp\/v2\/media?parent=217"}],"curies":[{"name":"wp","href":"https:\/\/api.w.org\/{rel}","templated":true}]}}